{"id":731,"date":"2019-02-19T14:59:31","date_gmt":"2019-02-19T19:59:31","guid":{"rendered":"https:\/\/elbeetours.com\/?page_id=731"},"modified":"2019-02-19T17:15:30","modified_gmt":"2019-02-19T22:15:30","slug":"boston","status":"publish","type":"page","link":"https:\/\/elbeetours.com\/?page_id=731","title":{"rendered":"Boston"},"content":{"rendered":"\n<p>Embora esteja a tr\u00eas horas de carro de&nbsp;<a href=\"https:\/\/elbeetours.com\/cidades\/new-york\/\">Nova York<\/a>,&nbsp;<strong>Boston<\/strong>&nbsp;pouco se parece com sua vizinha. Fundada pelos ingleses em 1630, \u00e9 uma das mais antigas cidades americanas e, durante o dom\u00ednio brit\u00e2nico, foi o mais importante centro cultural dos Estados Unidos. Imigrantes, sobretudo irlandeses, foram atra\u00eddos para l\u00e1 durante os s\u00e9culos 19 e 20. Conta com uma popula\u00e7\u00e3o de 650 mil&nbsp;<a href=\"https:\/\/pt.wikipedia.org\/wiki\/Habitante\">habitantes<\/a>&nbsp;na sua&nbsp;<a href=\"https:\/\/pt.wikipedia.org\/wiki\/%C3%81rea_metropolitana\">\u00e1rea metropolitana<\/a>&nbsp;que vivem entre pr\u00e9dios modernos, mas sem abrir m\u00e3o de sua import\u00e2ncia hist\u00f3rica. O metr\u00f4, o mais antigo do pa\u00eds, data de 1897, e seu jardim bot\u00e2nico, de 1837, tamb\u00e9m det\u00e9m o t\u00edtulo de mais velho. Em quatro quil\u00f4metros, est\u00e3o reunidos dezesseis pontos de s\u00e9culos passados na Freedom Trail. A tecnologia e os estudos fizeram fama da cidade por ter um clima universit\u00e1rio favor\u00e1vel. \u00c9 l\u00e1, por exemplo, que est\u00e3o a Universidade de Harvard (mais exatamente em Cambridge, a cerca de 20 minutos do centro) e o MIT (Massachusetts Institute of Technology), centro de pesquisas que abriga grandes g\u00eanios do planeta. Por isso, se v\u00ea tantos jovens nas ruas, lojas, nos bares, perambulando pela agrad\u00e1vel regi\u00e3o de Faneuil Hall. Se escolher o inverno como \u00e9poca da visita, prepare-se: o frio \u00e9 congelante.<\/p>\n\n\n\n<p>A cidade possui uma cultura esportiva que beira o fanatismo, em permanente rivalidade como as equipes nova-iorquinas. A regi\u00e3o de&nbsp;<strong>Boston<\/strong>&nbsp;\u00e9 o lar de times campe\u00f5es como, com os Bruins (h\u00f3quei), New England Patriots (futebol americano), Celtics (basquete) e os Red Sox (beisebol). Reserve um tempo para assistir alguma partida desses times!<\/p>\n\n\n\n<figure class=\"wp-block-image\"><img loading=\"lazy\" decoding=\"async\" width=\"900\" height=\"600\" src=\"https:\/\/elbeetours.com\/wp-content\/uploads\/2019\/02\/BOS1-1.jpg\" alt=\"\" class=\"wp-image-759\" srcset=\"https:\/\/elbeetours.com\/wp-content\/uploads\/2019\/02\/BOS1-1.jpg 900w, https:\/\/elbeetours.com\/wp-content\/uploads\/2019\/02\/BOS1-1-300x200.jpg 300w, https:\/\/elbeetours.com\/wp-content\/uploads\/2019\/02\/BOS1-1-768x512.jpg 768w\" sizes=\"auto, (max-width: 900px) 100vw, 900px\" \/><figcaption>Faneuil Hall rooftops covered in snow during the winter season in Boston. Faneuil Hall Also known as Quincy Market is located near the waterfront and Government Center, in Boston, Massachusetts, has been a marketplace and a meeting hall since 1743. Boston is the largest city in New England, the capital of the Commonwealth of Massachusetts<\/figcaption><\/figure>\n\n\n\n<ul class=\"wp-block-gallery columns-3 is-cropped wp-block-gallery-1 is-layout-flex wp-block-gallery-is-layout-flex\"><li class=\"blocks-gallery-item\"><figure><img loading=\"lazy\" decoding=\"async\" width=\"220\" height=\"194\" src=\"https:\/\/elbeetours.com\/wp-content\/uploads\/2019\/02\/BOS2-1.jpg\" alt=\"\" data-id=\"761\" data-link=\"https:\/\/elbeetours.com\/cities-in-usa\/boston\/bos2-8\/\" class=\"wp-image-761\"\/><\/figure><\/li><li class=\"blocks-gallery-item\"><figure><img loading=\"lazy\" decoding=\"async\" width=\"1024\" height=\"538\" src=\"https:\/\/elbeetours.com\/wp-content\/uploads\/2019\/02\/BOS3-1024x538.jpg\" alt=\"\" data-id=\"762\" data-link=\"https:\/\/elbeetours.com\/cities-in-usa\/boston\/bos3-3\/\" class=\"wp-image-762\" srcset=\"https:\/\/elbeetours.com\/wp-content\/uploads\/2019\/02\/BOS3-1024x538.jpg 1024w, https:\/\/elbeetours.com\/wp-content\/uploads\/2019\/02\/BOS3-300x158.jpg 300w, https:\/\/elbeetours.com\/wp-content\/uploads\/2019\/02\/BOS3-768x403.jpg 768w, https:\/\/elbeetours.com\/wp-content\/uploads\/2019\/02\/BOS3.jpg 1200w\" sizes=\"auto, (max-width: 1024px) 100vw, 1024px\" \/><\/figure><\/li><li class=\"blocks-gallery-item\"><figure><img loading=\"lazy\" decoding=\"async\" width=\"900\" height=\"550\" src=\"https:\/\/elbeetours.com\/wp-content\/uploads\/2019\/02\/BOS2-2.jpeg\" alt=\"\" data-id=\"763\" data-link=\"https:\/\/elbeetours.com\/cities-in-usa\/boston\/bos2-9\/\" class=\"wp-image-763\" srcset=\"https:\/\/elbeetours.com\/wp-content\/uploads\/2019\/02\/BOS2-2.jpeg 900w, https:\/\/elbeetours.com\/wp-content\/uploads\/2019\/02\/BOS2-2-300x183.jpeg 300w, https:\/\/elbeetours.com\/wp-content\/uploads\/2019\/02\/BOS2-2-768x469.jpeg 768w\" sizes=\"auto, (max-width: 900px) 100vw, 900px\" \/><\/figure><\/li><\/ul>\n\n\n\n<p style=\"text-align:center\">\n\nReservas e informacoes&nbsp;\u200bwhatsApp &amp; msg:+1-718-809-3699<strong><br>e-mail:&nbsp; info@elbeetours.com<\/strong><\/p>\n","protected":false},"excerpt":{"rendered":"<p>Embora esteja a tr\u00eas horas de carro de&nbsp;Nova York,&nbsp;Boston&nbsp;pouco se parece com sua vizinha. Fundada pelos ingleses em 1630, \u00e9 uma das mais antigas cidades&hellip;<\/p>\n","protected":false},"author":1,"featured_media":0,"parent":217,"menu_order":0,"comment_status":"closed","ping_status":"closed","template":"","meta":{"_joinchat":[],"footnotes":""},"class_list":["post-731","page","type-page","status-publish","hentry"],"_links":{"self":[{"href":"https:\/\/elbeetours.com\/index.php?rest_route=\/wp\/v2\/pages\/731","targetHints":{"allow":["GET"]}}],"collection":[{"href":"https:\/\/elbeetours.com\/index.php?rest_route=\/wp\/v2\/pages"}],"about":[{"href":"https:\/\/elbeetours.com\/index.php?rest_route=\/wp\/v2\/types\/page"}],"author":[{"embeddable":true,"href":"https:\/\/elbeetours.com\/index.php?rest_route=\/wp\/v2\/users\/1"}],"replies":[{"embeddable":true,"href":"https:\/\/elbeetours.com\/index.php?rest_route=%2Fwp%2Fv2%2Fcomments&post=731"}],"version-history":[{"count":3,"href":"https:\/\/elbeetours.com\/index.php?rest_route=\/wp\/v2\/pages\/731\/revisions"}],"predecessor-version":[{"id":800,"href":"https:\/\/elbeetours.com\/index.php?rest_route=\/wp\/v2\/pages\/731\/revisions\/800"}],"up":[{"embeddable":true,"href":"https:\/\/elbeetours.com\/index.php?rest_route=\/wp\/v2\/pages\/217"}],"wp:attachment":[{"href":"https:\/\/elbeetours.com\/index.php?rest_route=%2Fwp%2Fv2%2Fmedia&parent=731"}],"curies":[{"name":"wp","href":"https:\/\/api.w.org\/{rel}","templated":true}]}}